{"id":12,"date":"2013-02-15T10:59:36","date_gmt":"2013-02-15T08:59:36","guid":{"rendered":"https:\/\/www.hcs-profile.de\/?page_id=12"},"modified":"2026-01-03T12:53:40","modified_gmt":"2026-01-03T10:53:40","slug":"impressum","status":"publish","type":"page","link":"https:\/\/www.hcs-profile.de\/en\/kontakt\/impressum\/","title":{"rendered":"imprint"},"content":{"rendered":"<p><strong>Name and address: <\/strong><br \/>\nHCS Profilummantelungs GmbH &#038; Co. KG<br \/>\nBreitenbachstra\u00dfe 39<br \/>\n32547 Bad Oeynhausen<\/p>\n<p>Komplement\u00e4rin (gesch\u00e4ftsf\u00fchrend):<br \/>\nHCS Verwaltungs GmbH,<br \/>\nGesch\u00e4ftsf\u00fchrer:<br \/>\nFabian Stallmann<\/p>\n<p><strong>Phone N\u00b0:<\/strong><br \/>\n+49-(0)5731-1506-0<\/p>\n<p><strong>Fax N\u00b0:<\/strong><br \/>\n+49-(0)5731-1506-26<\/p>\n<p><strong>E-Mail address:<\/strong><br \/>\n<a href=\"mailto:info@hcs-profile.de\">info@hcs-profile.de<\/a><\/p>\n<p><strong>Registereintragungen:<\/strong><br \/>\nHandelsregister-Nr. HR A 5960, Registergericht:<br \/>\nAmtsgericht Bad Oeynhausen<\/p>\n<p><strong>Umsatzsteuer-Identifikationsnummer: <\/strong><br \/>\nDE239414182<\/p>\n<p>Alle Rechte vorbehalten. Text, Bilder, Grafiken, Sound, Animationen und Videos sowie deren Anordnung auf dieser Website unterliegen dem Schutz des Urheberrechts und anderer Schutzgesetze.<\/p>\n<p>Der Inhalt dieser Websites darf nicht zu kommerziellen Zwecken kopiert, verbreitet, ver\u00e4ndert oder Dritten zug\u00e4nglich gemacht werden.<\/p>\n<p>Hinweis zu externen Links:<br \/>\nSoweit von dieser Website auf andere Websites verlinkt wird, weisen wir darauf hin, dass wir keinerlei Einfluss auf die Gestaltung und die Inhalte der verlinkten Seiten haben und wir uns deren Inhalt nicht zu Eigen machen. Das gilt f\u00fcr alle auf dieser Seite ausgebrachten externen Link. F\u00fcr verlinkte Seiten gilt, dass rechtswidrige Inhalte zum Zeitpunkt der Verlinkung nicht erkennbar waren. Die Links werden regelm\u00e4\u00dfig auf rechtswidrige Inhalte \u00fcberpr\u00fcft und bei Rechtsverletzungen unverz\u00fcglich entfernt.<\/p>\n<p>Hinweis zum Datenschutz:<br \/>\nHinweise zu unserem Datenschutz finden Sie auf der Seite <a href=\"https:\/\/www.hcs-profile.de\/kontakt\/datenschutz\/\" title=\"Datenschutz\">Datenschutz<\/a><\/p>\n<p>Bildnachweis:<br \/>\n\u00a9 Jan Jansen &#8211; <a target=\"_blank\" href=\"http:\/\/de.fotolia.com\" title=\"Fotolia\">Fotolia.com<\/a><br \/>\n\u00a9 sasel77 &#8211; <a target=\"_blank\" href=\"http:\/\/de.fotolia.com\" title=\"Fotolia\">Fotolia.com<\/a><br \/>\n\u00a9 Kzenon &#8211; <a target=\"_blank\" href=\"http:\/\/de.fotolia.com\" title=\"Fotolia\">Fotolia.com<\/a><br \/>\n\u00a9 Ingor Normann &#8211; <a target=\"_blank\" href=\"http:\/\/de.fotolia.com\" title=\"Fotolia\">Fotolia.com<\/a><br \/>\n\u00a9 j\u00f6rn buchheim &#8211; <a target=\"_blank\" href=\"http:\/\/de.fotolia.com\" title=\"Fotolia\">Fotolia.com<\/a><\/p>\n","protected":false},"excerpt":{"rendered":"<p>Name and address: HCS Profilummantelungs GmbH &#038; Co. KG Breitenbachstra\u00dfe 39 32547 Bad Oeynhausen Komplement\u00e4rin (gesch\u00e4ftsf\u00fchrend): HCS Verwaltungs GmbH, Gesch\u00e4ftsf\u00fchrer:&#8230;<\/p>\n","protected":false},"author":1,"featured_media":0,"parent":11,"menu_order":41,"comment_status":"closed","ping_status":"open","template":"einspaltig.php","meta":{"footnotes":""},"class_list":["post-12","page","type-page","status-publish","hentry"],"_links":{"self":[{"href":"https:\/\/www.hcs-profile.de\/en\/wp-json\/wp\/v2\/pages\/12","targetHints":{"allow":["GET"]}}],"collection":[{"href":"https:\/\/www.hcs-profile.de\/en\/wp-json\/wp\/v2\/pages"}],"about":[{"href":"https:\/\/www.hcs-profile.de\/en\/wp-json\/wp\/v2\/types\/page"}],"author":[{"embeddable":true,"href":"https:\/\/www.hcs-profile.de\/en\/wp-json\/wp\/v2\/users\/1"}],"replies":[{"embeddable":true,"href":"https:\/\/www.hcs-profile.de\/en\/wp-json\/wp\/v2\/comments?post=12"}],"version-history":[{"count":32,"href":"https:\/\/www.hcs-profile.de\/en\/wp-json\/wp\/v2\/pages\/12\/revisions"}],"predecessor-version":[{"id":483,"href":"https:\/\/www.hcs-profile.de\/en\/wp-json\/wp\/v2\/pages\/12\/revisions\/483"}],"up":[{"embeddable":true,"href":"https:\/\/www.hcs-profile.de\/en\/wp-json\/wp\/v2\/pages\/11"}],"wp:attachment":[{"href":"https:\/\/www.hcs-profile.de\/en\/wp-json\/wp\/v2\/media?parent=12"}],"curies":[{"name":"wp","href":"https:\/\/api.w.org\/{rel}","templated":true}]}}